{"id":1706,"date":"2016-02-24T05:23:09","date_gmt":"2016-02-24T05:23:09","guid":{"rendered":"http:\/\/fundacionspine.org\/?page_id=1706"},"modified":"2021-05-11T16:48:09","modified_gmt":"2021-05-11T16:48:09","slug":"about","status":"publish","type":"page","link":"https:\/\/fundacionspine.org\/index.php\/about\/","title":{"rendered":"Sobre nosotros"},"content":{"rendered":"<p><div class=\"fusion-fullwidth fullwidth-box fusion-builder-row-1 fusion-flex-container nonhundred-percent-fullwidth non-hundred-percent-height-scrolling\" style=\"--awb-border-sizes-top:0px;--awb-border-sizes-bottom:0px;--awb-border-sizes-left:0px;--awb-border-sizes-right:0px;--awb-border-radius-top-left:0px;--awb-border-radius-top-right:0px;--awb-border-radius-bottom-right:0px;--awb-border-radius-bottom-left:0px;--awb-padding-top:40px;--awb-padding-bottom:60px;--awb-flex-wrap:wrap;\" ><div class=\"fusion-builder-row fusion-row fusion-flex-align-items-flex-start fusion-flex-content-wrap\" style=\"max-width:1248px;margin-left: calc(-4% \/ 2 );margin-right: calc(-4% \/ 2 );\"><div class=\"fusion-layout-column fusion_builder_column fusion-builder-column-0 fusion_builder_column_1_4 1_4 fusion-flex-column\" style=\"--awb-bg-size:cover;--awb-width-large:25%;--awb-margin-top-large:0px;--awb-spacing-right-large:7.68%;--awb-margin-bottom-large:20px;--awb-spacing-left-large:7.68%;--awb-width-medium:25%;--awb-order-medium:0;--awb-spacing-right-medium:7.68%;--awb-spacing-left-medium:7.68%;--awb-width-small:100%;--awb-order-small:0;--awb-spacing-right-small:1.92%;--awb-spacing-left-small:1.92%;\"><div class=\"fusion-column-wrapper fusion-column-has-shadow fusion-flex-justify-content-flex-start fusion-content-layout-column\"><div class=\"fusion-image-element \" style=\"--awb-caption-title-font-family:var(--h2_typography-font-family);--awb-caption-title-font-weight:var(--h2_typography-font-weight);--awb-caption-title-font-style:var(--h2_typography-font-style);--awb-caption-title-size:var(--h2_typography-font-size);--awb-caption-title-transform:var(--h2_typography-text-transform);--awb-caption-title-line-height:var(--h2_typography-line-height);--awb-caption-title-letter-spacing:var(--h2_typography-letter-spacing);\"><span class=\" fusion-imageframe imageframe-none imageframe-1 hover-type-none\"><img decoding=\"async\" width=\"150\" height=\"265\" title=\"nosotros_Mesa de trabajo 1 copia 3\" src=\"http:\/\/fundacionspine.org\/wp-content\/uploads\/2021\/02\/nosotros_Mesa-de-trabajo-1-copia-3.png\" alt class=\"img-responsive wp-image-3532\"\/><\/span><\/div><\/div><\/div><div class=\"fusion-layout-column fusion_builder_column fusion-builder-column-1 fusion_builder_column_3_4 3_4 fusion-flex-column\" style=\"--awb-bg-size:cover;--awb-width-large:75%;--awb-margin-top-large:0px;--awb-spacing-right-large:2.56%;--awb-margin-bottom-large:20px;--awb-spacing-left-large:2.56%;--awb-width-medium:75%;--awb-order-medium:0;--awb-spacing-right-medium:2.56%;--awb-spacing-left-medium:2.56%;--awb-width-small:100%;--awb-order-small:0;--awb-spacing-right-small:1.92%;--awb-spacing-left-small:1.92%;\"><div class=\"fusion-column-wrapper fusion-column-has-shadow fusion-flex-justify-content-flex-start fusion-content-layout-column\"><div class=\"fusion-text fusion-text-1\"><p>Somos una Organizaci\u00f3n sin fines de lucro, formado por un equipo multidisciplinar de profesionales de la salud, comprometidos con la mejora de la calidad asistencial y la seguridad de pacientes, entendido a trav\u00e9s de la promoci\u00f3n de la mejora continua a trav\u00e9s de la capacitaci\u00f3n permanente en las distintas \u00e1reas asistenciales.<\/p>\n<p>Fomentamos actividades educativas para la sociedad en su conjunto, asistiendo a todos aquellos grupos de personas que quieran incorporarse en el conocimiento de la propia seguridad asistencial.<\/p>\n<\/div><\/div><\/div><\/div><\/div><div class=\"fusion-fullwidth fullwidth-box fusion-builder-row-2 fusion-flex-container nonhundred-percent-fullwidth non-hundred-percent-height-scrolling\" style=\"--awb-background-position:left top;--awb-border-sizes-top:0px;--awb-border-sizes-bottom:0px;--awb-border-sizes-left:0px;--awb-border-sizes-right:0px;--awb-border-radius-top-left:0px;--awb-border-radius-top-right:0px;--awb-border-radius-bottom-right:0px;--awb-border-radius-bottom-left:0px;--awb-padding-top:100px;--awb-padding-bottom:60px;--awb-flex-wrap:wrap;\" ><div class=\"fusion-builder-row fusion-row fusion-flex-align-items-flex-start fusion-flex-content-wrap\" style=\"max-width:1248px;margin-left: calc(-4% \/ 2 );margin-right: calc(-4% \/ 2 );\"><div class=\"fusion-layout-column fusion_builder_column fusion-builder-column-2 fusion_builder_column_1_1 1_1 fusion-flex-column fusion-flex-align-self-flex-start fusion-column-no-min-height\" style=\"--awb-bg-size:cover;--awb-width-large:100%;--awb-margin-top-large:0px;--awb-spacing-right-large:1.92%;--awb-margin-bottom-large:0px;--awb-spacing-left-large:1.92%;--awb-width-medium:100%;--awb-spacing-right-medium:1.92%;--awb-spacing-left-medium:1.92%;--awb-width-small:100%;--awb-spacing-right-small:1.92%;--awb-spacing-left-small:1.92%;\"><div class=\"fusion-column-wrapper fusion-flex-justify-content-flex-start fusion-content-layout-column\"><div class=\"fusion-tabs fusion-tabs-1 clean nav-is-justified horizontal-tabs icon-position-left mobile-mode-accordion\" style=\"--awb-title-border-radius-top-left:0px;--awb-title-border-radius-top-right:0px;--awb-title-border-radius-bottom-right:0px;--awb-title-border-radius-bottom-left:0px;--awb-inactive-color:#f9f9fb;--awb-background-color:#ffffff;--awb-border-color:#e2e2e2;--awb-active-border-color:#65bc7b;\"><div class=\"nav\"><ul class=\"nav-tabs nav-justified\" role=\"tablist\"><li class=\"active\" role=\"presentation\"><a class=\"tab-link\" data-toggle=\"tab\" role=\"tab\" aria-controls=\"tab-ff934f0e3ba74b5d517\" aria-selected=\"true\" id=\"fusion-tab-misi\u00f3n\" href=\"#tab-ff934f0e3ba74b5d517\"><h4 class=\"fusion-tab-heading\"><i class=\"fontawesome-icon fa-mountain fas\" aria-hidden=\"true\" style=\"font-size:16px;\"><\/i>Misi\u00f3n<\/h4><\/a><\/li><li role=\"presentation\"><a class=\"tab-link\" data-toggle=\"tab\" role=\"tab\" aria-controls=\"tab-6d487a55a0c58c0cbcf\" aria-selected=\"false\" tabindex=\"-1\" id=\"fusion-tab-visi\u00f3n\" href=\"#tab-6d487a55a0c58c0cbcf\"><h4 class=\"fusion-tab-heading\"><i class=\"fontawesome-icon fa-eye fas\" aria-hidden=\"true\" style=\"font-size:16px;\"><\/i>Visi\u00f3n<\/h4><\/a><\/li><li role=\"presentation\"><a class=\"tab-link\" data-toggle=\"tab\" role=\"tab\" aria-controls=\"tab-4eb894208b19ba5ac2a\" aria-selected=\"false\" tabindex=\"-1\" id=\"fusion-tab-valores\" href=\"#tab-4eb894208b19ba5ac2a\"><h4 class=\"fusion-tab-heading\"><i class=\"fontawesome-icon fa-gavel fas\" aria-hidden=\"true\" style=\"font-size:16px;\"><\/i>Valores<\/h4><\/a><\/li><\/ul><\/div><div class=\"tab-content\"><div class=\"nav fusion-mobile-tab-nav\"><ul class=\"nav-tabs nav-justified\" role=\"tablist\"><li class=\"active\" role=\"presentation\"><a class=\"tab-link\" data-toggle=\"tab\" role=\"tab\" aria-controls=\"tab-ff934f0e3ba74b5d517\" aria-selected=\"true\" id=\"mobile-fusion-tab-misi\u00f3n\" href=\"#tab-ff934f0e3ba74b5d517\"><h4 class=\"fusion-tab-heading\"><i class=\"fontawesome-icon fa-mountain fas\" aria-hidden=\"true\" style=\"font-size:16px;\"><\/i>Misi\u00f3n<\/h4><\/a><\/li><\/ul><\/div><div class=\"tab-pane fade fusion-clearfix in active\" role=\"tabpanel\" tabindex=\"0\" aria-labelledby=\"fusion-tab-misi\u00f3n\" id=\"tab-ff934f0e3ba74b5d517\">\n<div class=\"row\">\n<div class=\"col-md-3\"><img decoding=\"async\" width=\"150\" height=\"265\" class=\"size-full wp-image-3524 alignnone\" src=\"http:\/\/fundacionspine.org\/wp-content\/uploads\/2021\/02\/mision_Mesa-de-trabajo-1.png\" \/><\/div>\n<div class=\"col-md-9\">\n<p>Promover la mejora en la seguridad de asistencia sanitaria a trav\u00e9s de actividades formativas y asesoramiento a profesionales, organizaciones dedicadas a la salud, en ambitos p\u00fablicos y privados.<\/p>\n<p>Incorporar a los pacientes y sus familias a los connceptos de equipo integral de salud y ayudar a su participaci\u00f3n.<\/p>\n<\/div>\n<\/div>\n<\/div><div class=\"nav fusion-mobile-tab-nav\"><ul class=\"nav-tabs nav-justified\" role=\"tablist\"><li role=\"presentation\"><a class=\"tab-link\" data-toggle=\"tab\" role=\"tab\" aria-controls=\"tab-6d487a55a0c58c0cbcf\" aria-selected=\"false\" tabindex=\"-1\" id=\"mobile-fusion-tab-visi\u00f3n\" href=\"#tab-6d487a55a0c58c0cbcf\"><h4 class=\"fusion-tab-heading\"><i class=\"fontawesome-icon fa-eye fas\" aria-hidden=\"true\" style=\"font-size:16px;\"><\/i>Visi\u00f3n<\/h4><\/a><\/li><\/ul><\/div><div class=\"tab-pane fade fusion-clearfix\" role=\"tabpanel\" tabindex=\"0\" aria-labelledby=\"fusion-tab-visi\u00f3n\" id=\"tab-6d487a55a0c58c0cbcf\">\n<div class=\"row\">\n<div class=\"col-md-3\"><img decoding=\"async\" class=\"alignnone size-full wp-image-3528\" src=\"http:\/\/fundacionspine.org\/wp-content\/uploads\/2021\/02\/vision_Mesa-de-trabajo-1-copia.png\" alt=\"\" width=\"150\" height=\"265\" \/><\/div>\n<div class=\"col-md-9\">\n<p>Ser un espacio de encuentro entre profesionales, organizaciones de salud y pacientes, para construir l\u00edneas de colaboraci\u00f3n.<\/p>\n<p>Colaborar con los profesionales y con las organizaciones, tanto p\u00fablicas como privadas, que consideren fundamental la seguridad cl\u00ednica.<\/p>\n<p>Asegurar la transferencia de conocimiento en el campo de la asistencia sanitaria de calidad.<\/p>\n<\/div>\n<\/div>\n<\/div><div class=\"nav fusion-mobile-tab-nav\"><ul class=\"nav-tabs nav-justified\" role=\"tablist\"><li role=\"presentation\"><a class=\"tab-link\" data-toggle=\"tab\" role=\"tab\" aria-controls=\"tab-4eb894208b19ba5ac2a\" aria-selected=\"false\" tabindex=\"-1\" id=\"mobile-fusion-tab-valores\" href=\"#tab-4eb894208b19ba5ac2a\"><h4 class=\"fusion-tab-heading\"><i class=\"fontawesome-icon fa-gavel fas\" aria-hidden=\"true\" style=\"font-size:16px;\"><\/i>Valores<\/h4><\/a><\/li><\/ul><\/div><div class=\"tab-pane fade fusion-clearfix\" role=\"tabpanel\" tabindex=\"0\" aria-labelledby=\"fusion-tab-valores\" id=\"tab-4eb894208b19ba5ac2a\">\n<div class=\"row\">\n<div class=\"col-md-3\"><img loading=\"lazy\" decoding=\"async\" class=\"alignnone size-full wp-image-3530\" src=\"http:\/\/fundacionspine.org\/wp-content\/uploads\/2021\/02\/valores_Mesa-de-trabajo-1-copia-2.png\" alt=\"\" width=\"150\" height=\"265\" \/><\/div>\n<div class=\"col-md-9\">\n<p>Somos una entidad independiente de cualquier organizaci\u00f3n publica o privada, lo que garantiza que los recursos obtenidos sean destinados a colaborar en mejorar la capacitaci\u00f3n y la seguridad en la asistencia sanitaria.<\/p>\n<p>Somos un grupo de profesionales cualificados en distintas ramas de la medicina y multidisciplinar, con gran pasi\u00f3n por lo que hacemos. La mejora continua en nuestras capacitaciones individuales as\u00ed lo atestiguan.<\/p>\n<p>Estamos convencidos que las nuevas tecnolog\u00edas y sus herramientas aplicadas al \u00e1rea de la salud, son necesarias para el an\u00e1lisis y la promoci\u00f3n de la seguridad asistencial, y por ello permanentemente forman parte de nuestras incorporaciones.<\/p>\n<p>Podemos adaptarnos a las necesidades individuales de cada organizaci\u00f3n y colaborar seg\u00fan sus lineamientos. Esta flexibilidad nos permite el crecimiento continuo<\/p>\n<\/div>\n<\/div>\n<\/div><\/div><\/div><\/div><\/div><\/div><\/div><\/p>\n","protected":false},"excerpt":{"rendered":"","protected":false},"author":1,"featured_media":0,"parent":0,"menu_order":0,"comment_status":"closed","ping_status":"closed","template":"100-width.php","meta":{"_acf_changed":false,"footnotes":""},"class_list":["post-1706","page","type-page","status-publish","hentry"],"acf":[],"_links":{"self":[{"href":"https:\/\/fundacionspine.org\/index.php\/wp-json\/wp\/v2\/pages\/1706","targetHints":{"allow":["GET"]}}],"collection":[{"href":"https:\/\/fundacionspine.org\/index.php\/wp-json\/wp\/v2\/pages"}],"about":[{"href":"https:\/\/fundacionspine.org\/index.php\/wp-json\/wp\/v2\/types\/page"}],"author":[{"embeddable":true,"href":"https:\/\/fundacionspine.org\/index.php\/wp-json\/wp\/v2\/users\/1"}],"replies":[{"embeddable":true,"href":"https:\/\/fundacionspine.org\/index.php\/wp-json\/wp\/v2\/comments?post=1706"}],"version-history":[{"count":23,"href":"https:\/\/fundacionspine.org\/index.php\/wp-json\/wp\/v2\/pages\/1706\/revisions"}],"predecessor-version":[{"id":3683,"href":"https:\/\/fundacionspine.org\/index.php\/wp-json\/wp\/v2\/pages\/1706\/revisions\/3683"}],"wp:attachment":[{"href":"https:\/\/fundacionspine.org\/index.php\/wp-json\/wp\/v2\/media?parent=1706"}],"curies":[{"name":"wp","href":"https:\/\/api.w.org\/{rel}","templated":true}]}}