{"id":3437,"date":"2021-01-27T19:44:18","date_gmt":"2021-01-27T19:44:18","guid":{"rendered":"http:\/\/fundacionspine.org\/?page_id=3437"},"modified":"2021-01-27T19:46:47","modified_gmt":"2021-01-27T19:46:47","slug":"blog","status":"publish","type":"page","link":"https:\/\/fundacionspine.org\/index.php\/blog\/","title":{"rendered":"Blog"},"content":{"rendered":"<div class=\"fusion-fullwidth fullwidth-box fusion-builder-row-1 fusion-flex-container nonhundred-percent-fullwidth non-hundred-percent-height-scrolling\" style=\"--awb-border-radius-top-left:0px;--awb-border-radius-top-right:0px;--awb-border-radius-bottom-right:0px;--awb-border-radius-bottom-left:0px;--awb-flex-wrap:wrap;\" ><div class=\"fusion-builder-row fusion-row fusion-flex-align-items-flex-start fusion-flex-content-wrap\" style=\"max-width:1248px;margin-left: calc(-4% \/ 2 );margin-right: calc(-4% \/ 2 );\"><div class=\"fusion-layout-column fusion_builder_column fusion-builder-column-0 fusion_builder_column_1_1 1_1 fusion-flex-column\" style=\"--awb-bg-size:cover;--awb-width-large:100%;--awb-margin-top-large:0px;--awb-spacing-right-large:1.92%;--awb-margin-bottom-large:20px;--awb-spacing-left-large:1.92%;--awb-width-medium:100%;--awb-order-medium:0;--awb-spacing-right-medium:1.92%;--awb-spacing-left-medium:1.92%;--awb-width-small:100%;--awb-order-small:0;--awb-spacing-right-small:1.92%;--awb-spacing-left-small:1.92%;\"><div class=\"fusion-column-wrapper fusion-column-has-shadow fusion-flex-justify-content-flex-start fusion-content-layout-column\"><div class=\"fusion-recent-posts fusion-recent-posts-1 avada-container layout-thumbnails-on-side layout-columns-1\"><section class=\"fusion-columns columns fusion-columns-1 columns-1\"><article class=\"post fusion-column column col col-lg-12 col-md-12 col-sm-12\"><div class=\"fusion-flexslider fusion-flexslider-loading flexslider floated-slideshow flexslider-hover-type-zoomin\"><ul class=\"slides\"><li><a href=\"https:\/\/fundacionspine.org\/index.php\/2026\/05\/05\/prevencion-de-caidas-hacia-un-modelo-de-intervencion-de-alto-riesgo-proactivo-y-humanizado\/\" aria-label=\"Prevenci\u00f3n de Ca\u00eddas: Hacia un Modelo de Intervenci\u00f3n de Alto Riesgo, Proactivo y Humanizado\" class=\"hover-type-zoomin\"><img decoding=\"async\" width=\"177\" height=\"142\" src=\"https:\/\/fundacionspine.org\/wp-content\/uploads\/2026\/05\/iStock-1291591327-prevencion-caidas-177x142.jpg\" class=\"attachment-portfolio-five size-portfolio-five\" alt=\"\" \/><\/a><\/li><\/ul><\/div><div class=\"recent-posts-content\"><span class=\"vcard\" style=\"display: none;\"><span class=\"fn\"><a href=\"https:\/\/fundacionspine.org\/index.php\/author\/meromano\/\" title=\"Entradas de Maria Elena Romano\" rel=\"author\">Maria Elena Romano<\/a><\/span><\/span><span class=\"updated\" style=\"display:none;\">2026-05-02T08:04:46-03:00<\/span><h4 class=\"entry-title\"><a href=\"https:\/\/fundacionspine.org\/index.php\/2026\/05\/05\/prevencion-de-caidas-hacia-un-modelo-de-intervencion-de-alto-riesgo-proactivo-y-humanizado\/\">Prevenci\u00f3n de Ca\u00eddas: Hacia un Modelo de Intervenci\u00f3n de Alto Riesgo, Proactivo y Humanizado<\/a><\/h4><p class=\"meta\"><span class=\"vcard\" style=\"display: none;\"><span class=\"fn\"><a href=\"https:\/\/fundacionspine.org\/index.php\/author\/meromano\/\" title=\"Entradas de Maria Elena Romano\" rel=\"author\">Maria Elena Romano<\/a><\/span><\/span><span class=\"updated\" style=\"display:none;\">2026-05-02T08:04:46-03:00<\/span><span>5 de mayo de 2026<\/span><span class=\"fusion-inline-sep\">|<\/span><\/p><p>  La seguridad del paciente no es simplemente la ausencia de errores; es la presencia de salvaguardas dise\u00f1adas para proteger la vulnerabilidad humana en entornos de cuidado. Dentro de este ecosistema de seguridad, la [...]<\/p><\/div><\/article><article class=\"post fusion-column column col col-lg-12 col-md-12 col-sm-12\"><div class=\"fusion-flexslider fusion-flexslider-loading flexslider floated-slideshow flexslider-hover-type-zoomin\"><ul class=\"slides\"><li><a href=\"https:\/\/fundacionspine.org\/index.php\/2026\/04\/30\/manejo-de-residuos-punzocortantes-blindando-la-seguridad-asistencial\/\" aria-label=\"Manejo de Residuos Punzocortantes: Blindando la Seguridad Asistencial\" class=\"hover-type-zoomin\"><img decoding=\"async\" width=\"177\" height=\"142\" src=\"https:\/\/fundacionspine.org\/wp-content\/uploads\/2026\/04\/iStock-2169609687-177x142.jpg\" class=\"attachment-portfolio-five size-portfolio-five\" alt=\"\" \/><\/a><\/li><\/ul><\/div><div class=\"recent-posts-content\"><span class=\"vcard\" style=\"display: none;\"><span class=\"fn\"><a href=\"https:\/\/fundacionspine.org\/index.php\/author\/meromano\/\" title=\"Entradas de Maria Elena Romano\" rel=\"author\">Maria Elena Romano<\/a><\/span><\/span><span class=\"updated\" style=\"display:none;\">2026-04-25T19:09:38-03:00<\/span><h4 class=\"entry-title\"><a href=\"https:\/\/fundacionspine.org\/index.php\/2026\/04\/30\/manejo-de-residuos-punzocortantes-blindando-la-seguridad-asistencial\/\">Manejo de Residuos Punzocortantes: Blindando la Seguridad Asistencial<\/a><\/h4><p class=\"meta\"><span class=\"vcard\" style=\"display: none;\"><span class=\"fn\"><a href=\"https:\/\/fundacionspine.org\/index.php\/author\/meromano\/\" title=\"Entradas de Maria Elena Romano\" rel=\"author\">Maria Elena Romano<\/a><\/span><\/span><span class=\"updated\" style=\"display:none;\">2026-04-25T19:09:38-03:00<\/span><span>30 de abril de 2026<\/span><span class=\"fusion-inline-sep\">|<\/span><\/p><p>  El manejo de residuos y punzocortantes no es solo una tarea administrativa o de limpieza; es el \u00faltimo eslab\u00f3n en la cadena de seguridad que protege al personal, al paciente y al medio [...]<\/p><\/div><\/article><article class=\"post fusion-column column col col-lg-12 col-md-12 col-sm-12\"><div class=\"fusion-flexslider fusion-flexslider-loading flexslider floated-slideshow flexslider-hover-type-zoomin\"><ul class=\"slides\"><li><a href=\"https:\/\/fundacionspine.org\/index.php\/2026\/04\/28\/guia-de-excelencia-en-el-uso-y-retiro-del-equipo-de-proteccion-personal\/\" aria-label=\"Gu\u00eda de Excelencia en el Uso y Retiro del Equipo de Protecci\u00f3n Personal\" class=\"hover-type-zoomin\"><img decoding=\"async\" width=\"177\" height=\"142\" src=\"https:\/\/fundacionspine.org\/wp-content\/uploads\/2026\/04\/iStock-1253398698-177x142.jpg\" class=\"attachment-portfolio-five size-portfolio-five\" alt=\"\" \/><\/a><\/li><\/ul><\/div><div class=\"recent-posts-content\"><span class=\"vcard\" style=\"display: none;\"><span class=\"fn\"><a href=\"https:\/\/fundacionspine.org\/index.php\/author\/meromano\/\" title=\"Entradas de Maria Elena Romano\" rel=\"author\">Maria Elena Romano<\/a><\/span><\/span><span class=\"updated\" style=\"display:none;\">2026-04-25T13:18:12-03:00<\/span><h4 class=\"entry-title\"><a href=\"https:\/\/fundacionspine.org\/index.php\/2026\/04\/28\/guia-de-excelencia-en-el-uso-y-retiro-del-equipo-de-proteccion-personal\/\">Gu\u00eda de Excelencia en el Uso y Retiro del Equipo de Protecci\u00f3n Personal<\/a><\/h4><p class=\"meta\"><span class=\"vcard\" style=\"display: none;\"><span class=\"fn\"><a href=\"https:\/\/fundacionspine.org\/index.php\/author\/meromano\/\" title=\"Entradas de Maria Elena Romano\" rel=\"author\">Maria Elena Romano<\/a><\/span><\/span><span class=\"updated\" style=\"display:none;\">2026-04-25T13:18:12-03:00<\/span><span>28 de abril de 2026<\/span><span class=\"fusion-inline-sep\">|<\/span><\/p><p>  En la pr\u00e1ctica asistencial contempor\u00e1nea, el Equipo de Protecci\u00f3n Personal (EPP) ha dejado de ser un simple conjunto de barreras f\u00edsicas para convertirse en el s\u00edmbolo de la resiliencia y la responsabilidad del [...]<\/p><\/div><\/article><article class=\"post fusion-column column col col-lg-12 col-md-12 col-sm-12\"><div class=\"fusion-flexslider fusion-flexslider-loading flexslider floated-slideshow flexslider-hover-type-zoomin\"><ul class=\"slides\"><li><a href=\"https:\/\/fundacionspine.org\/index.php\/2026\/04\/23\/prevencion-de-la-retencion-inadvertida-de-objetos-extranos-rsi\/\" aria-label=\"Prevenci\u00f3n de la Retenci\u00f3n inadvertida de Objetos extra\u00f1os (RSI)\" class=\"hover-type-zoomin\"><img loading=\"lazy\" decoding=\"async\" width=\"177\" height=\"142\" src=\"https:\/\/fundacionspine.org\/wp-content\/uploads\/2026\/04\/iStock-1463708652-177x142.jpg\" class=\"attachment-portfolio-five size-portfolio-five\" alt=\"\" \/><\/a><\/li><\/ul><\/div><div class=\"recent-posts-content\"><span class=\"vcard\" style=\"display: none;\"><span class=\"fn\"><a href=\"https:\/\/fundacionspine.org\/index.php\/author\/meromano\/\" title=\"Entradas de Maria Elena Romano\" rel=\"author\">Maria Elena Romano<\/a><\/span><\/span><span class=\"updated\" style=\"display:none;\">2026-04-19T21:07:32-03:00<\/span><h4 class=\"entry-title\"><a href=\"https:\/\/fundacionspine.org\/index.php\/2026\/04\/23\/prevencion-de-la-retencion-inadvertida-de-objetos-extranos-rsi\/\">Prevenci\u00f3n de la Retenci\u00f3n inadvertida de Objetos extra\u00f1os (RSI)<\/a><\/h4><p class=\"meta\"><span class=\"vcard\" style=\"display: none;\"><span class=\"fn\"><a href=\"https:\/\/fundacionspine.org\/index.php\/author\/meromano\/\" title=\"Entradas de Maria Elena Romano\" rel=\"author\">Maria Elena Romano<\/a><\/span><\/span><span class=\"updated\" style=\"display:none;\">2026-04-19T21:07:32-03:00<\/span><span>23 de abril de 2026<\/span><span class=\"fusion-inline-sep\">|<\/span><\/p><p>  La retenci\u00f3n de gasas, compresas o instrumental tras una intervenci\u00f3n no es simplemente un \"error t\u00e9cnico\"; es un evento centinela que fractura la confianza entre el sistema de salud y el paciente. Desde [...]<\/p><\/div><\/article><article class=\"post fusion-column column col col-lg-12 col-md-12 col-sm-12\"><div class=\"fusion-flexslider fusion-flexslider-loading flexslider floated-slideshow flexslider-hover-type-zoomin\"><ul class=\"slides\"><li><a href=\"https:\/\/fundacionspine.org\/index.php\/2026\/04\/21\/el-time-out-quirurgico\/\" aria-label=\"El Time-Out Quir\u00fargico\" class=\"hover-type-zoomin\"><img loading=\"lazy\" decoding=\"async\" width=\"177\" height=\"142\" src=\"https:\/\/fundacionspine.org\/wp-content\/uploads\/2026\/04\/conteo-cirujano-y-equipo-177x142.jpg\" class=\"attachment-portfolio-five size-portfolio-five\" alt=\"\" \/><\/a><\/li><\/ul><\/div><div class=\"recent-posts-content\"><span class=\"vcard\" style=\"display: none;\"><span class=\"fn\"><a href=\"https:\/\/fundacionspine.org\/index.php\/author\/meromano\/\" title=\"Entradas de Maria Elena Romano\" rel=\"author\">Maria Elena Romano<\/a><\/span><\/span><span class=\"updated\" style=\"display:none;\">2026-04-19T23:16:22-03:00<\/span><h4 class=\"entry-title\"><a href=\"https:\/\/fundacionspine.org\/index.php\/2026\/04\/21\/el-time-out-quirurgico\/\">El Time-Out Quir\u00fargico<\/a><\/h4><p class=\"meta\"><span class=\"vcard\" style=\"display: none;\"><span class=\"fn\"><a href=\"https:\/\/fundacionspine.org\/index.php\/author\/meromano\/\" title=\"Entradas de Maria Elena Romano\" rel=\"author\">Maria Elena Romano<\/a><\/span><\/span><span class=\"updated\" style=\"display:none;\">2026-04-19T23:16:22-03:00<\/span><span>21 de abril de 2026<\/span><span class=\"fusion-inline-sep\">|<\/span><\/p><p>  La seguridad del paciente en el entorno quir\u00fargico ha evolucionado desde una preocupaci\u00f3n \u00e9tica hasta convertirse en una disciplina cient\u00edfica rigurosa. A pesar de los avances tecnol\u00f3gicos, los \"eventos nunca\" (never events), como [...]<\/p><\/div><\/article><article class=\"post fusion-column column col col-lg-12 col-md-12 col-sm-12\"><div class=\"fusion-flexslider fusion-flexslider-loading flexslider floated-slideshow flexslider-hover-type-zoomin\"><ul class=\"slides\"><li><a href=\"https:\/\/fundacionspine.org\/index.php\/2026\/04\/16\/dosificacion-en-los-extremos-de-la-vida\/\" aria-label=\"Dosificaci\u00f3n en los Extremos de la Vida\" class=\"hover-type-zoomin\"><img loading=\"lazy\" decoding=\"async\" width=\"177\" height=\"142\" src=\"https:\/\/fundacionspine.org\/wp-content\/uploads\/2026\/04\/blog-jueves-177x142.jpg\" class=\"attachment-portfolio-five size-portfolio-five\" alt=\"\" \/><\/a><\/li><\/ul><\/div><div class=\"recent-posts-content\"><span class=\"vcard\" style=\"display: none;\"><span class=\"fn\"><a href=\"https:\/\/fundacionspine.org\/index.php\/author\/meromano\/\" title=\"Entradas de Maria Elena Romano\" rel=\"author\">Maria Elena Romano<\/a><\/span><\/span><span class=\"updated\" style=\"display:none;\">2026-04-12T10:45:46-03:00<\/span><h4 class=\"entry-title\"><a href=\"https:\/\/fundacionspine.org\/index.php\/2026\/04\/16\/dosificacion-en-los-extremos-de-la-vida\/\">Dosificaci\u00f3n en los Extremos de la Vida<\/a><\/h4><p class=\"meta\"><span class=\"vcard\" style=\"display: none;\"><span class=\"fn\"><a href=\"https:\/\/fundacionspine.org\/index.php\/author\/meromano\/\" title=\"Entradas de Maria Elena Romano\" rel=\"author\">Maria Elena Romano<\/a><\/span><\/span><span class=\"updated\" style=\"display:none;\">2026-04-12T10:45:46-03:00<\/span><span>16 de abril de 2026<\/span><span class=\"fusion-inline-sep\">|<\/span><\/p><p>  A pesar de los avances tecnol\u00f3gicos y la implementaci\u00f3n de protocolos, los errores de medicaci\u00f3n (EM) contin\u00faan siendo una causa mayor de morbilidad y mortalidad prevenible en los sistemas sanitarios modernos (M\u00fcller et [...]<\/p><\/div><\/article><\/section><div class=\"pagination clearfix\"><span class=\"current\">1<\/span><a href=\"https:\/\/fundacionspine.org\/index.php\/wp-json\/wp\/v2\/pages\/3437\/page\/2\/\" class=\"inactive\">2<\/a><a class=\"pagination-next\" rel=\"next\" href=\"https:\/\/fundacionspine.org\/index.php\/wp-json\/wp\/v2\/pages\/3437\/page\/2\/\"><span class=\"page-text\">Siguiente<\/span><span class=\"page-next\"><\/span><\/a><\/div><div class=\"fusion-clearfix\"><\/div><\/div><\/div><\/div><\/div><\/div>\n","protected":false},"excerpt":{"rendered":"","protected":false},"author":1,"featured_media":0,"parent":0,"menu_order":0,"comment_status":"closed","ping_status":"closed","template":"","meta":{"_acf_changed":false,"footnotes":""},"class_list":["post-3437","page","type-page","status-publish","hentry"],"acf":[],"_links":{"self":[{"href":"https:\/\/fundacionspine.org\/index.php\/wp-json\/wp\/v2\/pages\/3437","targetHints":{"allow":["GET"]}}],"collection":[{"href":"https:\/\/fundacionspine.org\/index.php\/wp-json\/wp\/v2\/pages"}],"about":[{"href":"https:\/\/fundacionspine.org\/index.php\/wp-json\/wp\/v2\/types\/page"}],"author":[{"embeddable":true,"href":"https:\/\/fundacionspine.org\/index.php\/wp-json\/wp\/v2\/users\/1"}],"replies":[{"embeddable":true,"href":"https:\/\/fundacionspine.org\/index.php\/wp-json\/wp\/v2\/comments?post=3437"}],"version-history":[{"count":6,"href":"https:\/\/fundacionspine.org\/index.php\/wp-json\/wp\/v2\/pages\/3437\/revisions"}],"predecessor-version":[{"id":3443,"href":"https:\/\/fundacionspine.org\/index.php\/wp-json\/wp\/v2\/pages\/3437\/revisions\/3443"}],"wp:attachment":[{"href":"https:\/\/fundacionspine.org\/index.php\/wp-json\/wp\/v2\/media?parent=3437"}],"curies":[{"name":"wp","href":"https:\/\/api.w.org\/{rel}","templated":true}]}}